{"id":3326,"date":"2026-01-26T19:11:36","date_gmt":"2026-01-26T19:11:36","guid":{"rendered":"https:\/\/walteresquivel.com.ar\/?page_id=3326"},"modified":"2026-01-27T13:32:42","modified_gmt":"2026-01-27T13:32:42","slug":"7-contacto","status":"publish","type":"page","link":"https:\/\/walteresquivel.com.ar\/?page_id=3326","title":{"rendered":"Contacto"},"content":{"rendered":"\n<div class=\"wp-block-group has-ast-global-color-2-background-color has-background is-layout-constrained wp-container-core-group-is-layout-bad0f24c wp-block-group-is-layout-constrained\" style=\"border-style:none;border-width:0px;border-top-left-radius:0px;border-top-right-radius:0px;border-bottom-left-radius:0px;border-bottom-right-radius:0px;min-height:0px;margin-top:0;margin-bottom:0;padding-top:31px;padding-right:0;padding-bottom:31px;padding-left:0\">\n<h1 class=\"wp-block-heading alignwide has-text-align-center has-ast-global-color-5-color has-text-color has-link-color has-x-large-font-size wp-elements-8f936bbac92ba727e9b57299be3a01f1\">Si quer\u00e9s conversar sobre los desaf\u00edos de tu organizaci\u00f3n, dise\u00f1ar una capacitaci\u00f3n o explorar una colaboraci\u00f3n, escribime.<\/h1>\n<\/div>\n\n\n\n<div class=\"wp-block-group has-white-background-color has-background is-layout-constrained wp-block-group-is-layout-constrained\">\n<h3 class=\"wp-block-heading has-text-align-center has-ast-global-color-0-color has-text-color has-link-color has-large-font-size wp-elements-c9c93e99661ed3dd671d244713dcb8b2\">Espero su Mensaje<\/h3>\n\n\n\n<div class=\"wp-block-uagb-forms uagb-forms__outer-wrap uagb-block-7ed6b9bf uagb-forms__medium-btn\"><form class=\"uagb-forms-main-form\" method=\"post\" autocomplete=\"on\" name=\"uagb-form-7ed6b9bf\">\n<div class=\"wp-block-uagb-forms-name uagb-forms-name-wrap uagb-forms-field-set uagb-block-fbde8722\"><div class=\"uagb-forms-name-label required uagb-forms-input-label\" id=\"fbde8722\">Nombre<\/div><input type=\"text\" placeholder=\"Juan\" required class=\"uagb-forms-name-input uagb-forms-input\" name=\"fbde8722\" autocomplete=\"given-name\"\/><\/div>\n\n\n\n<div class=\"wp-block-uagb-forms-name uagb-forms-name-wrap uagb-forms-field-set uagb-block-5ff3866b\"><div class=\"uagb-forms-name-label required uagb-forms-input-label\" id=\"5ff3866b\">Apellido<\/div><input type=\"text\" placeholder=\"Perez\" required class=\"uagb-forms-name-input uagb-forms-input\" name=\"5ff3866b\" autocomplete=\"family-name\"\/><\/div>\n\n\n\n<div class=\"wp-block-uagb-forms-email uagb-forms-email-wrap uagb-forms-field-set uagb-block-ca788ef3\"><div class=\"uagb-forms-email-label  uagb-forms-input-label\" id=\"ca788ef3\">Email<\/div><input type=\"email\" class=\"uagb-forms-email-input uagb-forms-input\" placeholder=\"ejemplo@mail.com\" name=\"ca788ef3\" autocomplete=\"email\"\/><\/div>\n\n\n\n<div class=\"wp-block-uagb-forms-name uagb-forms-name-wrap uagb-forms-field-set uagb-block-33859074\"><div class=\"uagb-forms-name-label required uagb-forms-input-label\" id=\"33859074\">Organizaci\u00f3n<\/div><input type=\"text\" placeholder=\"Empresa SA\" required class=\"uagb-forms-name-input uagb-forms-input\" name=\"33859074\" autocomplete=\"family-name\"\/><\/div>\n\n\n\n<div class=\"wp-block-uagb-forms-textarea uagb-forms-textarea-wrap uagb-forms-field-set uagb-block-49df8bfb\"><div class=\"uagb-forms-textarea-label required uagb-forms-input-label\" id=\"49df8bfb\">Mensaje<\/div><textarea required class=\"uagb-forms-textarea-input uagb-forms-input\" rows=\"8\" placeholder=\"Deseaba conversar sobre una situaci\u00f3n que nos esta pasando que no puede ser una oportunidad para...\" name=\"49df8bfb\" autocomplete=\"off\"><\/textarea><\/div>\n<div class=\"uagb-forms-form-hidden-data\"><input type=\"hidden\" class=\"uagb_forms_form_label\" value=\"Spectra Form\"\/><input type=\"hidden\" class=\"uagb_forms_form_id\" value=\"uagb-form-7ed6b9bf\"\/><\/div><div class=\"uagb-form-reacaptcha-error-7ed6b9bf\"><\/div><div class=\"uagb-forms-main-submit-button-wrap wp-block-button\"><button class=\"uagb-forms-main-submit-button wp-block-button__link\"><div class=\"uagb-forms-main-submit-button-text\">Enviar Mensaje<\/div><\/button><\/div><\/form><div class=\"uagb-forms-success-message-7ed6b9bf uagb-forms-submit-message-hide\"><span>Gracias por su Mensaje, a la brevedad le dar\u00e9 una respuesta.<\/span><\/div><div class=\"uagb-forms-failed-message-7ed6b9bf uagb-forms-submit-message-hide\"><span>Algo no ha salido bien, verifique haber completado todos los campos.<\/span><\/div><\/div>\n<\/div>\n\n\n\n<h2 class=\"wp-block-heading has-text-align-center has-ast-global-color-5-color has-vivid-red-background-color has-text-color has-background has-link-color has-x-large-font-size uag-hide-desktop uag-hide-tab uag-hide-mob wp-elements-7a045698c076e669802ebce24b885606\" style=\"padding-top:var(--wp--preset--spacing--70);padding-bottom:var(--wp--preset--spacing--70)\">INICIO SECCI\u00d3N MOBILE<\/h2>\n\n\n\n<p><\/p>\n","protected":false},"excerpt":{"rendered":"<p>Si quer\u00e9s conversar sobre los desaf\u00edos de tu organizaci\u00f3n, dise\u00f1ar una capacitaci\u00f3n o explorar una colaboraci\u00f3n, escribime. Espero su Mensaje INICIO SECCI\u00d3N MOBILE<\/p>\n","protected":false},"author":1,"featured_media":0,"parent":0,"menu_order":0,"comment_status":"closed","ping_status":"closed","template":"","meta":{"_uag_custom_page_level_css":"","site-sidebar-layout":"no-sidebar","site-content-layout":"page-builder","ast-site-content-layout":"full-width-container","site-content-style":"unboxed","site-sidebar-style":"default","ast-global-header-display":"","ast-banner-title-visibility":"","ast-main-header-display":"","ast-hfb-above-header-display":"","ast-hfb-below-header-display":"","ast-hfb-mobile-header-display":"","site-post-title":"disabled","ast-breadcrumbs-content":"","ast-featured-img":"","footer-sml-layout":"","ast-disable-related-posts":"","theme-transparent-header-meta":"","adv-header-id-meta":"","stick-header-meta":"","header-above-stick-meta":"","header-main-stick-meta":"","header-below-stick-meta":"","astra-migrate-meta-layouts":"set","ast-page-background-enabled":"default","ast-page-background-meta":{"desktop":{"background-color":"var(--ast-global-color-4)","background-image":"","background-repeat":"repeat","background-position":"center center","background-size":"auto","background-attachment":"scroll","background-type":"","background-media":"","overlay-type":"","overlay-color":"","overlay-opacity":"","overlay-gradient":""},"tablet":{"background-color":"","background-image":"","background-repeat":"repeat","background-position":"center center","background-size":"auto","background-attachment":"scroll","background-type":"","background-media":"","overlay-type":"","overlay-color":"","overlay-opacity":"","overlay-gradient":""},"mobile":{"background-color":"","background-image":"","background-repeat":"repeat","background-position":"center center","background-size":"auto","background-attachment":"scroll","background-type":"","background-media":"","overlay-type":"","overlay-color":"","overlay-opacity":"","overlay-gradient":""}},"ast-content-background-meta":{"desktop":{"background-color":"var(--ast-global-color-5)","background-image":"","background-repeat":"repeat","background-position":"center center","background-size":"auto","background-attachment":"scroll","background-type":"","background-media":"","overlay-type":"","overlay-color":"","overlay-opacity":"","overlay-gradient":""},"tablet":{"background-color":"var(--ast-global-color-5)","background-image":"","background-repeat":"repeat","background-position":"center center","background-size":"auto","background-attachment":"scroll","background-type":"","background-media":"","overlay-type":"","overlay-color":"","overlay-opacity":"","overlay-gradient":""},"mobile":{"background-color":"var(--ast-global-color-5)","background-image":"","background-repeat":"repeat","background-position":"center center","background-size":"auto","background-attachment":"scroll","background-type":"","background-media":"","overlay-type":"","overlay-color":"","overlay-opacity":"","overlay-gradient":""}},"_joinchat":[],"footnotes":""},"class_list":["post-3326","page","type-page","status-publish","hentry"],"uagb_featured_image_src":{"full":false,"thumbnail":false,"medium":false,"medium_large":false,"large":false,"1536x1536":false,"2048x2048":false},"uagb_author_info":{"display_name":"wdesquivel@gmail.com","author_link":"https:\/\/walteresquivel.com.ar\/?author=1"},"uagb_comment_info":0,"uagb_excerpt":"Si quer\u00e9s conversar sobre los desaf\u00edos de tu organizaci\u00f3n, dise\u00f1ar una capacitaci\u00f3n o explorar una colaboraci\u00f3n, escribime. Espero su Mensaje INICIO SECCI\u00d3N MOBILE","_links":{"self":[{"href":"https:\/\/walteresquivel.com.ar\/index.php?rest_route=\/wp\/v2\/pages\/3326","targetHints":{"allow":["GET"]}}],"collection":[{"href":"https:\/\/walteresquivel.com.ar\/index.php?rest_route=\/wp\/v2\/pages"}],"about":[{"href":"https:\/\/walteresquivel.com.ar\/index.php?rest_route=\/wp\/v2\/types\/page"}],"author":[{"embeddable":true,"href":"https:\/\/walteresquivel.com.ar\/index.php?rest_route=\/wp\/v2\/users\/1"}],"replies":[{"embeddable":true,"href":"https:\/\/walteresquivel.com.ar\/index.php?rest_route=%2Fwp%2Fv2%2Fcomments&post=3326"}],"version-history":[{"count":23,"href":"https:\/\/walteresquivel.com.ar\/index.php?rest_route=\/wp\/v2\/pages\/3326\/revisions"}],"predecessor-version":[{"id":3453,"href":"https:\/\/walteresquivel.com.ar\/index.php?rest_route=\/wp\/v2\/pages\/3326\/revisions\/3453"}],"wp:attachment":[{"href":"https:\/\/walteresquivel.com.ar\/index.php?rest_route=%2Fwp%2Fv2%2Fmedia&parent=3326"}],"curies":[{"name":"wp","href":"https:\/\/api.w.org\/{rel}","templated":true}]}}